{"id":3,"date":"2020-03-09T10:05:39","date_gmt":"2020-03-09T09:05:39","guid":{"rendered":"http:\/\/turquin.net\/?page_id=3"},"modified":"2022-12-09T15:18:35","modified_gmt":"2022-12-09T14:18:35","slug":"politique-de-confidentialite","status":"publish","type":"page","link":"https:\/\/turquin.net\/en\/politique-de-confidentialite\/","title":{"rendered":"Privacy policy"},"content":{"rendered":"<p>update on 03\/10\/2020<\/p>\n<h2>Introduction<\/h2>\n<p>This privacy policy may be modified or supplemented at any time to follow any legislative, regulatory, jurisprudential or technological development. That\u2019s why the update date is clearly stated on the page. In addition, the Internet user must keep informed of these possible modifications, as a result.<\/p>\n<h2>What is the GDPR?<\/h2>\n<p>Regulation (EU) 2016\/679 of the European Parliament and of the Council of 27 April 2016, on the protection of individuals with regard to the processing of personal data and on the free movement of such data, and repealing the directive 95\/46 \/ EC (general data protection regulation).<\/p>\n<p>To find out more: <a href=\"https:\/\/www.cnil.fr\/fr\/reglement-europeen-protection-donnees\"> https:\/\/www.cnil.fr\/fr\/reglement-europeen-protection-donnees <\/a><\/p>\n<h2>Who are we?<\/h2>\n<p><strong> J.E. TURQUIN &#8211; The Gallery <\/strong><br \/>\n9 rue de l&#8217;\u00c9v\u00each\u00e9<br \/>\n84200 CARPENTRAS, France<\/p>\n<h2>What personal data is collected?<\/h2>\n<p>When you access our site for the first time, you are informed of the use of cookies and a link to this data protection declaration. By checking the box &#8220;I accept&#8221;, you accept cookies as well as the personal data processing policy.<\/p>\n<p>If you simply visit the site, the data collected is anonymous, it is used only for the purpose of visit statistics.<\/p>\n<p>On the other hand, if you create an account or place an order on the site, you will be required to enter various personal data:<\/p>\n<ul>\n<li>Your first and last name<\/li>\n<li>Your postal address, postal code and city<\/li>\n<li>Your email address<\/li>\n<li>Your phone number<\/li>\n<\/ul>\n<h3>How are they collected?<\/h3>\n<p>This personal information is transmitted by:<\/p>\n<ul>\n<li>registration forms<\/li>\n<li>order forms<\/li>\n<li>contact forms<\/li>\n<\/ul>\n<h3>For what purpose?<\/h3>\n<p>The processing of your personal information may relate to:<\/p>\n<ul>\n<li>Processing and tracking your order<\/li>\n<li>Information and \/ or promotion<\/li>\n<li>Statistics and audience measurement (in the latter case, the elements collected anonymously are: IP addresses, pages visited, connection times, operating system)<\/li>\n<\/ul>\n<h3>Right of rectification or deletion<\/h3>\n<p>Access to your customer account allows you to exercise the right of rectification independently on the site. And regarding the right of deletion, you can use it by contacting us:<\/p>\n<ul>\n<li>By mail: <strong> J.E. TURQUIN &#8211; The Gallery <\/strong> 9 rue de l&#8217;\u00c9v\u00each\u00e9 84200 CARPENTRAS<\/li>\n<li>By phone: <a class=\"mini-contacts phone show-on-desktop in-menu-first-switch hide-on-second-switch first\" href=\"tel:+33490630207\"> +33 (0) 4 90 63 02 07 <\/a><\/li>\n<\/ul>\n<h3>Transmission of your personal data<\/h3>\n<p>The site remains the sole recipient of this information. They are never transmitted to a third party, in any form whatsoever. No marketing of personal data of visitors and users of the site can be considered.<\/p>\n<h2>Duration of storage of your data<\/h2>\n<p>Your personal information is kept for a maximum of 3 years. Anonymous cookies are kept for 1 month.<\/p>\n<h3>How we protect your data<\/h3>\n<p>The personal information we collect is kept in a secure environment. People working for us are required to respect the confidentiality of your information. To ensure the security of your personal information, we use the following measures:<\/p>\n<ul>\n<li>Secure Sockets Layer (SSL) protocol<\/li>\n<li>Access management &#8211; authorized person<\/li>\n<li>Username \/ password<\/li>\n<li>Firewalls<\/li>\n<\/ul>\n<p>We are committed to maintaining a high degree of confidentiality by incorporating the latest technological innovations to ensure the confidentiality of your transactions.<\/p>\n<h2>Payment by Credit Card via E-transactions<\/h2>\n<p>We use the services of Cr\u00e9dit Agricole&#8217;s secure E-transactions platform to obtain payment for our products for sale.<\/p>\n<h3>Scope<\/h3>\n<p>When the user makes a payment, he transmits the following information:<\/p>\n<ul>\n<li>The name of the credit card holder<\/li>\n<li>The bank card number<\/li>\n<li>The expiration date of the bank card<\/li>\n<li>CVC bank card code<\/li>\n<li>The email address of the credit card holder<\/li>\n<\/ul>\n<h3>Purpose of the processing of personal data<\/h3>\n<p>The function of E-transactions is to process transmitted data, with the aim of carrying out a financial transaction between us and the user via the E-transactions interface. E-transactions validates the transaction and transfers the funds according to a schedule established by it, to our company.<\/p>\n<h3>Duration of storage<\/h3>\n<p>Your payment information is kept securely by the above entity. The site does not store any data and does not have access to this banking information. To find out more about payment security, please click on the following link: https:\/\/www.e-transactions.fr\/pages\/faq.php.<\/p>","protected":false},"excerpt":{"rendered":"<p>update on 03\/10\/2020 Introduction This privacy policy may be modified or supplemented at any time to follow any legislative, regulatory, jurisprudential or technological development. That\u2019s why the update date is clearly stated on the page. In addition, the Internet user must keep informed of these possible modifications, as a result. What is the GDPR? Regulation&hellip;<\/p>\n","protected":false},"author":1,"featured_media":0,"parent":0,"menu_order":0,"comment_status":"closed","ping_status":"open","template":"","meta":{"footnotes":""},"class_list":["post-3","page","type-page","status-publish","hentry","description-off"],"yoast_head":"<!-- This site is optimized with the Yoast SEO plugin v27.3 - https:\/\/yoast.com\/product\/yoast-seo-wordpress\/ -->\n<title>Privacy policy - J.E. TURQUIN Paintings of Provence, Mont Ventoux landscapes<\/title>\n<meta name=\"robots\" content=\"index, follow, max-snippet:-1, max-image-preview:large, max-video-preview:-1\" \/>\n<link rel=\"canonical\" href=\"https:\/\/turquin.net\/en\/politique-de-confidentialite\/\" \/>\n<meta property=\"og:locale\" content=\"en_US\" \/>\n<meta property=\"og:type\" content=\"article\" \/>\n<meta property=\"og:title\" content=\"Privacy policy - J.E. TURQUIN Paintings of Provence, Mont Ventoux landscapes\" \/>\n<meta property=\"og:description\" content=\"update on 03\/10\/2020 Introduction This privacy policy may be modified or supplemented at any time to follow any legislative, regulatory, jurisprudential or technological development. That\u2019s why the update date is clearly stated on the page. In addition, the Internet user must keep informed of these possible modifications, as a result. What is the GDPR? Regulation&hellip;\" \/>\n<meta property=\"og:url\" content=\"https:\/\/turquin.net\/en\/politique-de-confidentialite\/\" \/>\n<meta property=\"og:site_name\" content=\"J.E. TURQUIN Paintings of Provence, Mont Ventoux landscapes\" \/>\n<meta property=\"article:publisher\" content=\"https:\/\/www.facebook.com\/Turquin-Artiste-peintre-136079739887515\/\" \/>\n<meta property=\"article:modified_time\" content=\"2022-12-09T14:18:35+00:00\" \/>\n<meta name=\"twitter:card\" content=\"summary_large_image\" \/>\n<meta name=\"twitter:label1\" content=\"Est. reading time\" \/>\n\t<meta name=\"twitter:data1\" content=\"4 minutes\" \/>\n<script type=\"application\/ld+json\" class=\"yoast-schema-graph\">{\"@context\":\"https:\\\/\\\/schema.org\",\"@graph\":[{\"@type\":\"WebPage\",\"@id\":\"https:\\\/\\\/turquin.net\\\/en\\\/politique-de-confidentialite\\\/\",\"url\":\"https:\\\/\\\/turquin.net\\\/en\\\/politique-de-confidentialite\\\/\",\"name\":\"Privacy policy - J.E. TURQUIN Paintings of Provence, Mont Ventoux landscapes\",\"isPartOf\":{\"@id\":\"https:\\\/\\\/turquin.net\\\/en\\\/#website\"},\"datePublished\":\"2020-03-09T09:05:39+00:00\",\"dateModified\":\"2022-12-09T14:18:35+00:00\",\"breadcrumb\":{\"@id\":\"https:\\\/\\\/turquin.net\\\/en\\\/politique-de-confidentialite\\\/#breadcrumb\"},\"inLanguage\":\"en-US\",\"potentialAction\":[{\"@type\":\"ReadAction\",\"target\":[[\"https:\\\/\\\/turquin.net\\\/en\\\/politique-de-confidentialite\\\/\"]]}]},{\"@type\":\"BreadcrumbList\",\"@id\":\"https:\\\/\\\/turquin.net\\\/en\\\/politique-de-confidentialite\\\/#breadcrumb\",\"itemListElement\":[{\"@type\":\"ListItem\",\"position\":1,\"name\":\"Accueil\",\"item\":\"https:\\\/\\\/turquin.net\\\/en\\\/\"},{\"@type\":\"ListItem\",\"position\":2,\"name\":\"Politique de confidentialit\u00e9\"}]},{\"@type\":\"WebSite\",\"@id\":\"https:\\\/\\\/turquin.net\\\/en\\\/#website\",\"url\":\"https:\\\/\\\/turquin.net\\\/en\\\/\",\"name\":\"J.E. TURQUIN Paintings of Provence, Mont Ventoux landscapes\",\"description\":\"\",\"publisher\":{\"@id\":\"https:\\\/\\\/turquin.net\\\/en\\\/#organization\"},\"potentialAction\":[{\"@type\":\"SearchAction\",\"target\":{\"@type\":\"EntryPoint\",\"urlTemplate\":\"https:\\\/\\\/turquin.net\\\/en\\\/?s={search_term_string}\"},\"query-input\":{\"@type\":\"PropertyValueSpecification\",\"valueRequired\":true,\"valueName\":\"search_term_string\"}}],\"inLanguage\":\"en-US\"},{\"@type\":\"Organization\",\"@id\":\"https:\\\/\\\/turquin.net\\\/en\\\/#organization\",\"name\":\"J.E. Turquin\",\"url\":\"https:\\\/\\\/turquin.net\\\/en\\\/\",\"logo\":{\"@type\":\"ImageObject\",\"inLanguage\":\"en-US\",\"@id\":\"https:\\\/\\\/turquin.net\\\/en\\\/#\\\/schema\\\/logo\\\/image\\\/\",\"url\":\"https:\\\/\\\/turquin.net\\\/wp-content\\\/uploads\\\/2020\\\/03\\\/icone-turquin-152px.png\",\"contentUrl\":\"https:\\\/\\\/turquin.net\\\/wp-content\\\/uploads\\\/2020\\\/03\\\/icone-turquin-152px.png\",\"width\":152,\"height\":152,\"caption\":\"J.E. Turquin\"},\"image\":{\"@id\":\"https:\\\/\\\/turquin.net\\\/en\\\/#\\\/schema\\\/logo\\\/image\\\/\"},\"sameAs\":[\"https:\\\/\\\/www.facebook.com\\\/Turquin-Artiste-peintre-136079739887515\\\/\"]}]}<\/script>\n<!-- \/ Yoast SEO plugin. -->","yoast_head_json":{"title":"Privacy policy - J.E. TURQUIN Paintings of Provence, Mont Ventoux landscapes","robots":{"index":"index","follow":"follow","max-snippet":"max-snippet:-1","max-image-preview":"max-image-preview:large","max-video-preview":"max-video-preview:-1"},"canonical":"https:\/\/turquin.net\/en\/politique-de-confidentialite\/","og_locale":"en_US","og_type":"article","og_title":"Privacy policy - J.E. TURQUIN Paintings of Provence, Mont Ventoux landscapes","og_description":"update on 03\/10\/2020 Introduction This privacy policy may be modified or supplemented at any time to follow any legislative, regulatory, jurisprudential or technological development. That\u2019s why the update date is clearly stated on the page. In addition, the Internet user must keep informed of these possible modifications, as a result. What is the GDPR? Regulation&hellip;","og_url":"https:\/\/turquin.net\/en\/politique-de-confidentialite\/","og_site_name":"J.E. TURQUIN Paintings of Provence, Mont Ventoux landscapes","article_publisher":"https:\/\/www.facebook.com\/Turquin-Artiste-peintre-136079739887515\/","article_modified_time":"2022-12-09T14:18:35+00:00","twitter_card":"summary_large_image","twitter_misc":{"Est. reading time":"4 minutes"},"schema":{"@context":"https:\/\/schema.org","@graph":[{"@type":"WebPage","@id":"https:\/\/turquin.net\/en\/politique-de-confidentialite\/","url":"https:\/\/turquin.net\/en\/politique-de-confidentialite\/","name":"Privacy policy - J.E. TURQUIN Paintings of Provence, Mont Ventoux landscapes","isPartOf":{"@id":"https:\/\/turquin.net\/en\/#website"},"datePublished":"2020-03-09T09:05:39+00:00","dateModified":"2022-12-09T14:18:35+00:00","breadcrumb":{"@id":"https:\/\/turquin.net\/en\/politique-de-confidentialite\/#breadcrumb"},"inLanguage":"en-US","potentialAction":[{"@type":"ReadAction","target":[["https:\/\/turquin.net\/en\/politique-de-confidentialite\/"]]}]},{"@type":"BreadcrumbList","@id":"https:\/\/turquin.net\/en\/politique-de-confidentialite\/#breadcrumb","itemListElement":[{"@type":"ListItem","position":1,"name":"Accueil","item":"https:\/\/turquin.net\/en\/"},{"@type":"ListItem","position":2,"name":"Politique de confidentialit\u00e9"}]},{"@type":"WebSite","@id":"https:\/\/turquin.net\/en\/#website","url":"https:\/\/turquin.net\/en\/","name":"J.E. TURQUIN Paintings of Provence, Mont Ventoux landscapes","description":"","publisher":{"@id":"https:\/\/turquin.net\/en\/#organization"},"potentialAction":[{"@type":"SearchAction","target":{"@type":"EntryPoint","urlTemplate":"https:\/\/turquin.net\/en\/?s={search_term_string}"},"query-input":{"@type":"PropertyValueSpecification","valueRequired":true,"valueName":"search_term_string"}}],"inLanguage":"en-US"},{"@type":"Organization","@id":"https:\/\/turquin.net\/en\/#organization","name":"J.E. Turquin","url":"https:\/\/turquin.net\/en\/","logo":{"@type":"ImageObject","inLanguage":"en-US","@id":"https:\/\/turquin.net\/en\/#\/schema\/logo\/image\/","url":"https:\/\/turquin.net\/wp-content\/uploads\/2020\/03\/icone-turquin-152px.png","contentUrl":"https:\/\/turquin.net\/wp-content\/uploads\/2020\/03\/icone-turquin-152px.png","width":152,"height":152,"caption":"J.E. Turquin"},"image":{"@id":"https:\/\/turquin.net\/en\/#\/schema\/logo\/image\/"},"sameAs":["https:\/\/www.facebook.com\/Turquin-Artiste-peintre-136079739887515\/"]}]}},"_links":{"self":[{"href":"https:\/\/turquin.net\/en\/wp-json\/wp\/v2\/pages\/3","targetHints":{"allow":["GET"]}}],"collection":[{"href":"https:\/\/turquin.net\/en\/wp-json\/wp\/v2\/pages"}],"about":[{"href":"https:\/\/turquin.net\/en\/wp-json\/wp\/v2\/types\/page"}],"author":[{"embeddable":true,"href":"https:\/\/turquin.net\/en\/wp-json\/wp\/v2\/users\/1"}],"replies":[{"embeddable":true,"href":"https:\/\/turquin.net\/en\/wp-json\/wp\/v2\/comments?post=3"}],"version-history":[{"count":5,"href":"https:\/\/turquin.net\/en\/wp-json\/wp\/v2\/pages\/3\/revisions"}],"predecessor-version":[{"id":1598,"href":"https:\/\/turquin.net\/en\/wp-json\/wp\/v2\/pages\/3\/revisions\/1598"}],"wp:attachment":[{"href":"https:\/\/turquin.net\/en\/wp-json\/wp\/v2\/media?parent=3"}],"curies":[{"name":"wp","href":"https:\/\/api.w.org\/{rel}","templated":true}]}}