{"id":765,"date":"2018-05-23T06:48:28","date_gmt":"2018-05-23T04:48:28","guid":{"rendered":"https:\/\/the7.io\/ecommerce-book\/?page_id=765"},"modified":"2020-03-12T09:18:53","modified_gmt":"2020-03-12T08:18:53","slug":"mentions-legales","status":"publish","type":"page","link":"https:\/\/turquin.net\/en\/mentions-legales\/","title":{"rendered":"Legal Informations"},"content":{"rendered":"<div class=\"wpb-content-wrapper\"><p>[vc_row][vc_column width=&#8221;1\/2&#8243;][vc_column_text]<\/p>\n<h2>Site properties<\/h2>\n<h3>Publication director<\/h3>\n<p><strong>Jean-\u00c9ric TURQUIN<br \/>\n<\/strong>9 rue de l&#8217;\u00c9v\u00each\u00e9<br \/>\n84200 Carpentras, France<\/p>\n<h3>Hosting<\/h3>\n<p><strong>OVH<\/strong><br \/>\n2 Rue Kellermann<br \/>\n59100 Roubaix, France<\/p>\n<h3>Conception, Realization, Graphic Design<\/h3>\n<p><a href=\"http:\/\/www.graficjooz.com\/\" target=\"_blank\" rel=\"noopener noreferrer\" data-slimstat=\"5\">graficjooz.com<\/a><\/p>\n<h3>Photo credits<\/h3>\n<p>\u00a9 Jean-\u00c9ric TURQUIN[\/vc_column_text][\/vc_column][vc_column width=&#8221;1\/2&#8243;][vc_column_text]<\/p>\n<h2>Data protection and intellectual property<\/h2>\n<p>The information likely to be collected on this site is exclusively intended for the processing of your request by the publisher in accordance with the provisions of articles 38 and following of law 78-17 of January 6, 1978.<\/p>\n<p>This website and all of its content are protected by copyright.<br \/>\nNo reproduction will be authorized without the express prior written agreement of the publisher.<\/p>\n<p>All texts, images, contained on the site are the exclusive property of Jean-\u00c9ric TURQUIN. In accordance with the provisions of article L.122-5 paragraph 2 of the Intellectual Property Code, only copies or reproductions are strictly authorized for the private use of the copyist and not intended for collective use.[\/vc_column_text][\/vc_column][\/vc_row]<\/p>\n<\/div>","protected":false},"excerpt":{"rendered":"<p>[vc_row][vc_column width=&#8221;1\/2&#8243;][vc_column_text] Site properties Publication director Jean-\u00c9ric TURQUIN 9 rue de l&#8217;\u00c9v\u00each\u00e9 84200 Carpentras, France Hosting OVH 2 Rue Kellermann 59100 Roubaix, France Conception, Realization, Graphic Design graficjooz.com Photo credits \u00a9 Jean-\u00c9ric TURQUIN[\/vc_column_text][\/vc_column][vc_column width=&#8221;1\/2&#8243;][vc_column_text] Data protection and intellectual property The information likely to be collected on this site is exclusively intended for the processing of&hellip;<\/p>\n","protected":false},"author":1,"featured_media":0,"parent":0,"menu_order":900,"comment_status":"closed","ping_status":"closed","template":"","meta":{"footnotes":""},"class_list":["post-765","page","type-page","status-publish","hentry","description-off"],"yoast_head":"<!-- This site is optimized with the Yoast SEO plugin v27.4 - https:\/\/yoast.com\/product\/yoast-seo-wordpress\/ -->\n<title>Legal Informations - J.E. TURQUIN Paintings of Provence, Mont Ventoux landscapes<\/title>\n<meta name=\"robots\" content=\"index, follow, max-snippet:-1, max-image-preview:large, max-video-preview:-1\" \/>\n<link rel=\"canonical\" href=\"https:\/\/turquin.net\/en\/mentions-legales\/\" \/>\n<meta property=\"og:locale\" content=\"en_US\" \/>\n<meta property=\"og:type\" content=\"article\" \/>\n<meta property=\"og:title\" content=\"Legal Informations - J.E. TURQUIN Paintings of Provence, Mont Ventoux landscapes\" \/>\n<meta property=\"og:description\" content=\"[vc_row][vc_column width=&#8221;1\/2&#8243;][vc_column_text] Site properties Publication director Jean-\u00c9ric TURQUIN 9 rue de l&#8217;\u00c9v\u00each\u00e9 84200 Carpentras, France Hosting OVH 2 Rue Kellermann 59100 Roubaix, France Conception, Realization, Graphic Design graficjooz.com Photo credits \u00a9 Jean-\u00c9ric TURQUIN[\/vc_column_text][\/vc_column][vc_column width=&#8221;1\/2&#8243;][vc_column_text] Data protection and intellectual property The information likely to be collected on this site is exclusively intended for the processing of&hellip;\" \/>\n<meta property=\"og:url\" content=\"https:\/\/turquin.net\/en\/mentions-legales\/\" \/>\n<meta property=\"og:site_name\" content=\"J.E. TURQUIN Paintings of Provence, Mont Ventoux landscapes\" \/>\n<meta property=\"article:publisher\" content=\"https:\/\/www.facebook.com\/Turquin-Artiste-peintre-136079739887515\/\" \/>\n<meta property=\"article:modified_time\" content=\"2020-03-12T08:18:53+00:00\" \/>\n<meta name=\"twitter:card\" content=\"summary_large_image\" \/>\n<meta name=\"twitter:label1\" content=\"Est. reading time\" \/>\n\t<meta name=\"twitter:data1\" content=\"2 minutes\" \/>\n<script type=\"application\/ld+json\" class=\"yoast-schema-graph\">{\"@context\":\"https:\\\/\\\/schema.org\",\"@graph\":[{\"@type\":\"WebPage\",\"@id\":\"https:\\\/\\\/turquin.net\\\/en\\\/mentions-legales\\\/\",\"url\":\"https:\\\/\\\/turquin.net\\\/en\\\/mentions-legales\\\/\",\"name\":\"Legal Informations - J.E. TURQUIN Paintings of Provence, Mont Ventoux landscapes\",\"isPartOf\":{\"@id\":\"https:\\\/\\\/turquin.net\\\/en\\\/#website\"},\"datePublished\":\"2018-05-23T04:48:28+00:00\",\"dateModified\":\"2020-03-12T08:18:53+00:00\",\"breadcrumb\":{\"@id\":\"https:\\\/\\\/turquin.net\\\/en\\\/mentions-legales\\\/#breadcrumb\"},\"inLanguage\":\"en-US\",\"potentialAction\":[{\"@type\":\"ReadAction\",\"target\":[[\"https:\\\/\\\/turquin.net\\\/en\\\/mentions-legales\\\/\"]]}]},{\"@type\":\"BreadcrumbList\",\"@id\":\"https:\\\/\\\/turquin.net\\\/en\\\/mentions-legales\\\/#breadcrumb\",\"itemListElement\":[{\"@type\":\"ListItem\",\"position\":1,\"name\":\"Accueil\",\"item\":\"https:\\\/\\\/turquin.net\\\/en\\\/\"},{\"@type\":\"ListItem\",\"position\":2,\"name\":\"Mentions l\u00e9gales\"}]},{\"@type\":\"WebSite\",\"@id\":\"https:\\\/\\\/turquin.net\\\/en\\\/#website\",\"url\":\"https:\\\/\\\/turquin.net\\\/en\\\/\",\"name\":\"J.E. TURQUIN Paintings of Provence, Mont Ventoux landscapes\",\"description\":\"\",\"publisher\":{\"@id\":\"https:\\\/\\\/turquin.net\\\/en\\\/#organization\"},\"potentialAction\":[{\"@type\":\"SearchAction\",\"target\":{\"@type\":\"EntryPoint\",\"urlTemplate\":\"https:\\\/\\\/turquin.net\\\/en\\\/?s={search_term_string}\"},\"query-input\":{\"@type\":\"PropertyValueSpecification\",\"valueRequired\":true,\"valueName\":\"search_term_string\"}}],\"inLanguage\":\"en-US\"},{\"@type\":\"Organization\",\"@id\":\"https:\\\/\\\/turquin.net\\\/en\\\/#organization\",\"name\":\"J.E. Turquin\",\"url\":\"https:\\\/\\\/turquin.net\\\/en\\\/\",\"logo\":{\"@type\":\"ImageObject\",\"inLanguage\":\"en-US\",\"@id\":\"https:\\\/\\\/turquin.net\\\/en\\\/#\\\/schema\\\/logo\\\/image\\\/\",\"url\":\"https:\\\/\\\/turquin.net\\\/wp-content\\\/uploads\\\/2020\\\/03\\\/icone-turquin-152px.png\",\"contentUrl\":\"https:\\\/\\\/turquin.net\\\/wp-content\\\/uploads\\\/2020\\\/03\\\/icone-turquin-152px.png\",\"width\":152,\"height\":152,\"caption\":\"J.E. Turquin\"},\"image\":{\"@id\":\"https:\\\/\\\/turquin.net\\\/en\\\/#\\\/schema\\\/logo\\\/image\\\/\"},\"sameAs\":[\"https:\\\/\\\/www.facebook.com\\\/Turquin-Artiste-peintre-136079739887515\\\/\"]}]}<\/script>\n<!-- \/ Yoast SEO plugin. -->","yoast_head_json":{"title":"Legal Informations - J.E. TURQUIN Paintings of Provence, Mont Ventoux landscapes","robots":{"index":"index","follow":"follow","max-snippet":"max-snippet:-1","max-image-preview":"max-image-preview:large","max-video-preview":"max-video-preview:-1"},"canonical":"https:\/\/turquin.net\/en\/mentions-legales\/","og_locale":"en_US","og_type":"article","og_title":"Legal Informations - J.E. TURQUIN Paintings of Provence, Mont Ventoux landscapes","og_description":"[vc_row][vc_column width=&#8221;1\/2&#8243;][vc_column_text] Site properties Publication director Jean-\u00c9ric TURQUIN 9 rue de l&#8217;\u00c9v\u00each\u00e9 84200 Carpentras, France Hosting OVH 2 Rue Kellermann 59100 Roubaix, France Conception, Realization, Graphic Design graficjooz.com Photo credits \u00a9 Jean-\u00c9ric TURQUIN[\/vc_column_text][\/vc_column][vc_column width=&#8221;1\/2&#8243;][vc_column_text] Data protection and intellectual property The information likely to be collected on this site is exclusively intended for the processing of&hellip;","og_url":"https:\/\/turquin.net\/en\/mentions-legales\/","og_site_name":"J.E. TURQUIN Paintings of Provence, Mont Ventoux landscapes","article_publisher":"https:\/\/www.facebook.com\/Turquin-Artiste-peintre-136079739887515\/","article_modified_time":"2020-03-12T08:18:53+00:00","twitter_card":"summary_large_image","twitter_misc":{"Est. reading time":"2 minutes"},"schema":{"@context":"https:\/\/schema.org","@graph":[{"@type":"WebPage","@id":"https:\/\/turquin.net\/en\/mentions-legales\/","url":"https:\/\/turquin.net\/en\/mentions-legales\/","name":"Legal Informations - J.E. TURQUIN Paintings of Provence, Mont Ventoux landscapes","isPartOf":{"@id":"https:\/\/turquin.net\/en\/#website"},"datePublished":"2018-05-23T04:48:28+00:00","dateModified":"2020-03-12T08:18:53+00:00","breadcrumb":{"@id":"https:\/\/turquin.net\/en\/mentions-legales\/#breadcrumb"},"inLanguage":"en-US","potentialAction":[{"@type":"ReadAction","target":[["https:\/\/turquin.net\/en\/mentions-legales\/"]]}]},{"@type":"BreadcrumbList","@id":"https:\/\/turquin.net\/en\/mentions-legales\/#breadcrumb","itemListElement":[{"@type":"ListItem","position":1,"name":"Accueil","item":"https:\/\/turquin.net\/en\/"},{"@type":"ListItem","position":2,"name":"Mentions l\u00e9gales"}]},{"@type":"WebSite","@id":"https:\/\/turquin.net\/en\/#website","url":"https:\/\/turquin.net\/en\/","name":"J.E. TURQUIN Paintings of Provence, Mont Ventoux landscapes","description":"","publisher":{"@id":"https:\/\/turquin.net\/en\/#organization"},"potentialAction":[{"@type":"SearchAction","target":{"@type":"EntryPoint","urlTemplate":"https:\/\/turquin.net\/en\/?s={search_term_string}"},"query-input":{"@type":"PropertyValueSpecification","valueRequired":true,"valueName":"search_term_string"}}],"inLanguage":"en-US"},{"@type":"Organization","@id":"https:\/\/turquin.net\/en\/#organization","name":"J.E. Turquin","url":"https:\/\/turquin.net\/en\/","logo":{"@type":"ImageObject","inLanguage":"en-US","@id":"https:\/\/turquin.net\/en\/#\/schema\/logo\/image\/","url":"https:\/\/turquin.net\/wp-content\/uploads\/2020\/03\/icone-turquin-152px.png","contentUrl":"https:\/\/turquin.net\/wp-content\/uploads\/2020\/03\/icone-turquin-152px.png","width":152,"height":152,"caption":"J.E. Turquin"},"image":{"@id":"https:\/\/turquin.net\/en\/#\/schema\/logo\/image\/"},"sameAs":["https:\/\/www.facebook.com\/Turquin-Artiste-peintre-136079739887515\/"]}]}},"_links":{"self":[{"href":"https:\/\/turquin.net\/en\/wp-json\/wp\/v2\/pages\/765","targetHints":{"allow":["GET"]}}],"collection":[{"href":"https:\/\/turquin.net\/en\/wp-json\/wp\/v2\/pages"}],"about":[{"href":"https:\/\/turquin.net\/en\/wp-json\/wp\/v2\/types\/page"}],"author":[{"embeddable":true,"href":"https:\/\/turquin.net\/en\/wp-json\/wp\/v2\/users\/1"}],"replies":[{"embeddable":true,"href":"https:\/\/turquin.net\/en\/wp-json\/wp\/v2\/comments?post=765"}],"version-history":[{"count":4,"href":"https:\/\/turquin.net\/en\/wp-json\/wp\/v2\/pages\/765\/revisions"}],"predecessor-version":[{"id":1313,"href":"https:\/\/turquin.net\/en\/wp-json\/wp\/v2\/pages\/765\/revisions\/1313"}],"wp:attachment":[{"href":"https:\/\/turquin.net\/en\/wp-json\/wp\/v2\/media?parent=765"}],"curies":[{"name":"wp","href":"https:\/\/api.w.org\/{rel}","templated":true}]}}