{"id":1728,"date":"2026-02-01T08:07:39","date_gmt":"2026-02-01T07:07:39","guid":{"rendered":"https:\/\/turquin.net\/?post_type=product&#038;p=1728"},"modified":"2026-02-01T08:16:50","modified_gmt":"2026-02-01T07:16:50","slug":"toi-et-moisur-les-pistes","status":"publish","type":"product","link":"https:\/\/turquin.net\/en\/les-oeuvres\/toi-et-moisur-les-pistes\/","title":{"rendered":"(Fran\u00e7ais) TOI ET MOI,SUR LES PISTES"},"content":{"rendered":"<p class=\"qtranxs-available-languages-message qtranxs-available-languages-message-en\">Sorry, this entry is only available in <a href=\"https:\/\/turquin.net\/fr\/wp-json\/wp\/v2\/product\/1728\" class=\"qtranxs-available-language-link qtranxs-available-language-link-fr\" title=\"Fran\u00e7ais\">Fran\u00e7ais<\/a>.<\/p>","protected":false},"excerpt":{"rendered":"<p class=\"qtranxs-available-languages-message qtranxs-available-languages-message-en\">Sorry, this entry is only available in <a href=\"https:\/\/turquin.net\/fr\/wp-json\/wp\/v2\/product\/1728\" class=\"qtranxs-available-language-link qtranxs-available-language-link-fr\" title=\"Fran\u00e7ais\">Fran\u00e7ais<\/a>.<\/p>\n","protected":false},"featured_media":1723,"template":"","meta":[],"product_brand":[],"product_cat":[58],"product_tag":[],"class_list":{"0":"post-1728","1":"product","2":"type-product","3":"status-publish","4":"has-post-thumbnail","6":"product_cat-montagne-neige","7":"description-off","9":"first","10":"instock","11":"taxable","12":"shipping-taxable","13":"purchasable","14":"product-type-simple"},"yoast_head":"<!-- This site is optimized with the Yoast SEO plugin v27.4 - https:\/\/yoast.com\/product\/yoast-seo-wordpress\/ -->\n<title>(Fran\u00e7ais) TOI ET MOI,SUR LES PISTES - J.E. TURQUIN Paintings of Provence, Mont Ventoux landscapes<\/title>\n<meta name=\"robots\" content=\"index, follow, max-snippet:-1, max-image-preview:large, max-video-preview:-1\" \/>\n<link rel=\"canonical\" href=\"https:\/\/turquin.net\/en\/les-oeuvres\/toi-et-moisur-les-pistes\/\" \/>\n<meta property=\"og:locale\" content=\"en_US\" \/>\n<meta property=\"og:type\" content=\"article\" \/>\n<meta property=\"og:title\" content=\"(Fran\u00e7ais) TOI ET MOI,SUR LES PISTES - J.E. TURQUIN Paintings of Provence, Mont Ventoux landscapes\" \/>\n<meta property=\"og:description\" content=\"(Fran\u00e7ais) TOI ET MOI SUR LES PISTES  Dimensions 46x38cm  Possibilit\u00e9s de r\u00e9glement en 2,3,4 fois sans frais\" \/>\n<meta property=\"og:url\" content=\"https:\/\/turquin.net\/en\/les-oeuvres\/toi-et-moisur-les-pistes\/\" \/>\n<meta property=\"og:site_name\" content=\"J.E. TURQUIN Paintings of Provence, Mont Ventoux landscapes\" \/>\n<meta property=\"article:publisher\" content=\"https:\/\/www.facebook.com\/Turquin-Artiste-peintre-136079739887515\/\" \/>\n<meta property=\"article:modified_time\" content=\"2026-02-01T07:16:50+00:00\" \/>\n<meta property=\"og:image\" content=\"https:\/\/turquin.net\/wp-content\/uploads\/2026\/01\/JE.TURQUIN-8f-Toi-et-moi-sur-les-pistes.jpg\" \/>\n\t<meta property=\"og:image:width\" content=\"2151\" \/>\n\t<meta property=\"og:image:height\" content=\"1779\" \/>\n\t<meta property=\"og:image:type\" content=\"image\/jpeg\" \/>\n<meta name=\"twitter:card\" content=\"summary_large_image\" \/>\n<meta name=\"twitter:label1\" content=\"Est. reading time\" \/>\n\t<meta name=\"twitter:data1\" content=\"1 minute\" \/>\n<script type=\"application\/ld+json\" class=\"yoast-schema-graph\">{\"@context\":\"https:\\\/\\\/schema.org\",\"@graph\":[{\"@type\":\"WebPage\",\"@id\":\"https:\\\/\\\/turquin.net\\\/en\\\/les-oeuvres\\\/toi-et-moisur-les-pistes\\\/\",\"url\":\"https:\\\/\\\/turquin.net\\\/en\\\/les-oeuvres\\\/toi-et-moisur-les-pistes\\\/\",\"name\":\"(Fran\u00e7ais) TOI ET MOI,SUR LES PISTES - J.E. TURQUIN Paintings of Provence, Mont Ventoux landscapes\",\"isPartOf\":{\"@id\":\"https:\\\/\\\/turquin.net\\\/en\\\/#website\"},\"primaryImageOfPage\":{\"@id\":\"https:\\\/\\\/turquin.net\\\/en\\\/les-oeuvres\\\/toi-et-moisur-les-pistes\\\/#primaryimage\"},\"image\":{\"@id\":\"https:\\\/\\\/turquin.net\\\/les-oeuvres\\\/toi-et-moisur-les-pistes\\\/#primaryimage\"},\"thumbnailUrl\":\"https:\\\/\\\/turquin.net\\\/wp-content\\\/uploads\\\/2026\\\/01\\\/JE.TURQUIN-8f-Toi-et-moi-sur-les-pistes.jpg\",\"datePublished\":\"2026-02-01T07:07:39+00:00\",\"dateModified\":\"2026-02-01T07:16:50+00:00\",\"breadcrumb\":{\"@id\":\"https:\\\/\\\/turquin.net\\\/en\\\/les-oeuvres\\\/toi-et-moisur-les-pistes\\\/#breadcrumb\"},\"inLanguage\":\"en-US\",\"potentialAction\":[{\"@type\":\"ReadAction\",\"target\":[[\"https:\\\/\\\/turquin.net\\\/en\\\/les-oeuvres\\\/toi-et-moisur-les-pistes\\\/\"]]}]},{\"@type\":\"ImageObject\",\"inLanguage\":\"en-US\",\"@id\":\"https:\\\/\\\/turquin.net\\\/en\\\/les-oeuvres\\\/toi-et-moisur-les-pistes\\\/#primaryimage\",\"url\":\"https:\\\/\\\/turquin.net\\\/wp-content\\\/uploads\\\/2026\\\/01\\\/JE.TURQUIN-8f-Toi-et-moi-sur-les-pistes.jpg\",\"contentUrl\":\"https:\\\/\\\/turquin.net\\\/wp-content\\\/uploads\\\/2026\\\/01\\\/JE.TURQUIN-8f-Toi-et-moi-sur-les-pistes.jpg\",\"width\":2151,\"height\":1779},{\"@type\":\"BreadcrumbList\",\"@id\":\"https:\\\/\\\/turquin.net\\\/en\\\/les-oeuvres\\\/toi-et-moisur-les-pistes\\\/#breadcrumb\",\"itemListElement\":[{\"@type\":\"ListItem\",\"position\":1,\"name\":\"Accueil\",\"item\":\"https:\\\/\\\/turquin.net\\\/en\\\/\"},{\"@type\":\"ListItem\",\"position\":2,\"name\":\"The works\",\"item\":\"https:\\\/\\\/turquin.net\\\/en\\\/les-oeuvres\\\/\"},{\"@type\":\"ListItem\",\"position\":3,\"name\":\"TOI ET MOI,SUR LES PISTES\"}]},{\"@type\":\"WebSite\",\"@id\":\"https:\\\/\\\/turquin.net\\\/en\\\/#website\",\"url\":\"https:\\\/\\\/turquin.net\\\/en\\\/\",\"name\":\"J.E. TURQUIN Paintings of Provence, Mont Ventoux landscapes\",\"description\":\"\",\"publisher\":{\"@id\":\"https:\\\/\\\/turquin.net\\\/en\\\/#organization\"},\"potentialAction\":[{\"@type\":\"SearchAction\",\"target\":{\"@type\":\"EntryPoint\",\"urlTemplate\":\"https:\\\/\\\/turquin.net\\\/en\\\/?s={search_term_string}\"},\"query-input\":{\"@type\":\"PropertyValueSpecification\",\"valueRequired\":true,\"valueName\":\"search_term_string\"}}],\"inLanguage\":\"en-US\"},{\"@type\":\"Organization\",\"@id\":\"https:\\\/\\\/turquin.net\\\/en\\\/#organization\",\"name\":\"J.E. Turquin\",\"url\":\"https:\\\/\\\/turquin.net\\\/en\\\/\",\"logo\":{\"@type\":\"ImageObject\",\"inLanguage\":\"en-US\",\"@id\":\"https:\\\/\\\/turquin.net\\\/en\\\/#\\\/schema\\\/logo\\\/image\\\/\",\"url\":\"https:\\\/\\\/turquin.net\\\/wp-content\\\/uploads\\\/2020\\\/03\\\/icone-turquin-152px.png\",\"contentUrl\":\"https:\\\/\\\/turquin.net\\\/wp-content\\\/uploads\\\/2020\\\/03\\\/icone-turquin-152px.png\",\"width\":152,\"height\":152,\"caption\":\"J.E. Turquin\"},\"image\":{\"@id\":\"https:\\\/\\\/turquin.net\\\/en\\\/#\\\/schema\\\/logo\\\/image\\\/\"},\"sameAs\":[\"https:\\\/\\\/www.facebook.com\\\/Turquin-Artiste-peintre-136079739887515\\\/\"]}]}<\/script>\n<!-- \/ Yoast SEO plugin. -->","yoast_head_json":{"title":"(Fran\u00e7ais) TOI ET MOI,SUR LES PISTES - J.E. TURQUIN Paintings of Provence, Mont Ventoux landscapes","robots":{"index":"index","follow":"follow","max-snippet":"max-snippet:-1","max-image-preview":"max-image-preview:large","max-video-preview":"max-video-preview:-1"},"canonical":"https:\/\/turquin.net\/en\/les-oeuvres\/toi-et-moisur-les-pistes\/","og_locale":"en_US","og_type":"article","og_title":"(Fran\u00e7ais) TOI ET MOI,SUR LES PISTES - J.E. TURQUIN Paintings of Provence, Mont Ventoux landscapes","og_description":"(Fran\u00e7ais) TOI ET MOI SUR LES PISTES  Dimensions 46x38cm  Possibilit\u00e9s de r\u00e9glement en 2,3,4 fois sans frais","og_url":"https:\/\/turquin.net\/en\/les-oeuvres\/toi-et-moisur-les-pistes\/","og_site_name":"J.E. TURQUIN Paintings of Provence, Mont Ventoux landscapes","article_publisher":"https:\/\/www.facebook.com\/Turquin-Artiste-peintre-136079739887515\/","article_modified_time":"2026-02-01T07:16:50+00:00","og_image":[{"width":2151,"height":1779,"url":"https:\/\/turquin.net\/wp-content\/uploads\/2026\/01\/JE.TURQUIN-8f-Toi-et-moi-sur-les-pistes.jpg","type":"image\/jpeg"}],"twitter_card":"summary_large_image","twitter_misc":{"Est. reading time":"1 minute"},"schema":{"@context":"https:\/\/schema.org","@graph":[{"@type":"WebPage","@id":"https:\/\/turquin.net\/en\/les-oeuvres\/toi-et-moisur-les-pistes\/","url":"https:\/\/turquin.net\/en\/les-oeuvres\/toi-et-moisur-les-pistes\/","name":"(Fran\u00e7ais) TOI ET MOI,SUR LES PISTES - J.E. TURQUIN Paintings of Provence, Mont Ventoux landscapes","isPartOf":{"@id":"https:\/\/turquin.net\/en\/#website"},"primaryImageOfPage":{"@id":"https:\/\/turquin.net\/en\/les-oeuvres\/toi-et-moisur-les-pistes\/#primaryimage"},"image":{"@id":"https:\/\/turquin.net\/les-oeuvres\/toi-et-moisur-les-pistes\/#primaryimage"},"thumbnailUrl":"https:\/\/turquin.net\/wp-content\/uploads\/2026\/01\/JE.TURQUIN-8f-Toi-et-moi-sur-les-pistes.jpg","datePublished":"2026-02-01T07:07:39+00:00","dateModified":"2026-02-01T07:16:50+00:00","breadcrumb":{"@id":"https:\/\/turquin.net\/en\/les-oeuvres\/toi-et-moisur-les-pistes\/#breadcrumb"},"inLanguage":"en-US","potentialAction":[{"@type":"ReadAction","target":[["https:\/\/turquin.net\/en\/les-oeuvres\/toi-et-moisur-les-pistes\/"]]}]},{"@type":"ImageObject","inLanguage":"en-US","@id":"https:\/\/turquin.net\/en\/les-oeuvres\/toi-et-moisur-les-pistes\/#primaryimage","url":"https:\/\/turquin.net\/wp-content\/uploads\/2026\/01\/JE.TURQUIN-8f-Toi-et-moi-sur-les-pistes.jpg","contentUrl":"https:\/\/turquin.net\/wp-content\/uploads\/2026\/01\/JE.TURQUIN-8f-Toi-et-moi-sur-les-pistes.jpg","width":2151,"height":1779},{"@type":"BreadcrumbList","@id":"https:\/\/turquin.net\/en\/les-oeuvres\/toi-et-moisur-les-pistes\/#breadcrumb","itemListElement":[{"@type":"ListItem","position":1,"name":"Accueil","item":"https:\/\/turquin.net\/en\/"},{"@type":"ListItem","position":2,"name":"The works","item":"https:\/\/turquin.net\/en\/les-oeuvres\/"},{"@type":"ListItem","position":3,"name":"TOI ET MOI,SUR LES PISTES"}]},{"@type":"WebSite","@id":"https:\/\/turquin.net\/en\/#website","url":"https:\/\/turquin.net\/en\/","name":"J.E. TURQUIN Paintings of Provence, Mont Ventoux landscapes","description":"","publisher":{"@id":"https:\/\/turquin.net\/en\/#organization"},"potentialAction":[{"@type":"SearchAction","target":{"@type":"EntryPoint","urlTemplate":"https:\/\/turquin.net\/en\/?s={search_term_string}"},"query-input":{"@type":"PropertyValueSpecification","valueRequired":true,"valueName":"search_term_string"}}],"inLanguage":"en-US"},{"@type":"Organization","@id":"https:\/\/turquin.net\/en\/#organization","name":"J.E. Turquin","url":"https:\/\/turquin.net\/en\/","logo":{"@type":"ImageObject","inLanguage":"en-US","@id":"https:\/\/turquin.net\/en\/#\/schema\/logo\/image\/","url":"https:\/\/turquin.net\/wp-content\/uploads\/2020\/03\/icone-turquin-152px.png","contentUrl":"https:\/\/turquin.net\/wp-content\/uploads\/2020\/03\/icone-turquin-152px.png","width":152,"height":152,"caption":"J.E. Turquin"},"image":{"@id":"https:\/\/turquin.net\/en\/#\/schema\/logo\/image\/"},"sameAs":["https:\/\/www.facebook.com\/Turquin-Artiste-peintre-136079739887515\/"]}]}},"_links":{"self":[{"href":"https:\/\/turquin.net\/en\/wp-json\/wp\/v2\/product\/1728","targetHints":{"allow":["GET"]}}],"collection":[{"href":"https:\/\/turquin.net\/en\/wp-json\/wp\/v2\/product"}],"about":[{"href":"https:\/\/turquin.net\/en\/wp-json\/wp\/v2\/types\/product"}],"wp:featuredmedia":[{"embeddable":true,"href":"https:\/\/turquin.net\/en\/wp-json\/wp\/v2\/media\/1723"}],"wp:attachment":[{"href":"https:\/\/turquin.net\/en\/wp-json\/wp\/v2\/media?parent=1728"}],"wp:term":[{"taxonomy":"product_brand","embeddable":true,"href":"https:\/\/turquin.net\/en\/wp-json\/wp\/v2\/product_brand?post=1728"},{"taxonomy":"product_cat","embeddable":true,"href":"https:\/\/turquin.net\/en\/wp-json\/wp\/v2\/product_cat?post=1728"},{"taxonomy":"product_tag","embeddable":true,"href":"https:\/\/turquin.net\/en\/wp-json\/wp\/v2\/product_tag?post=1728"}],"curies":[{"name":"wp","href":"https:\/\/api.w.org\/{rel}","templated":true}]}}