{"id":1766,"date":"2026-02-20T15:37:25","date_gmt":"2026-02-20T14:37:25","guid":{"rendered":"https:\/\/turquin.net\/?post_type=product&#038;p=1766"},"modified":"2026-03-27T11:42:56","modified_gmt":"2026-03-27T10:42:56","slug":"mormoironmont-ventoux-et-coquelicots","status":"publish","type":"product","link":"https:\/\/turquin.net\/en\/les-oeuvres\/mormoironmont-ventoux-et-coquelicots\/","title":{"rendered":"(Fran\u00e7ais) MORMOIRON, MONT VENTOUX ET COQUELICOTS"},"content":{"rendered":"","protected":false},"excerpt":{"rendered":"<p class=\"qtranxs-available-languages-message qtranxs-available-languages-message-en\">Sorry, this entry is only available in <a href=\"https:\/\/turquin.net\/fr\/wp-json\/wp\/v2\/product\/1766\" class=\"qtranxs-available-language-link qtranxs-available-language-link-fr\" title=\"Fran\u00e7ais\">Fran\u00e7ais<\/a>.<\/p>\n","protected":false},"featured_media":1767,"template":"","meta":[],"product_brand":[],"product_cat":[40,35],"product_tag":[],"class_list":{"0":"post-1766","1":"product","2":"type-product","3":"status-publish","4":"has-post-thumbnail","6":"product_cat-paysages-de-provence","7":"product_cat-provence-mont-ventoux","8":"description-off","10":"first","11":"instock","12":"sold-individually","13":"taxable","14":"shipping-taxable","15":"purchasable","16":"product-type-simple"},"yoast_head":"<!-- This site is optimized with the Yoast SEO plugin v27.3 - https:\/\/yoast.com\/product\/yoast-seo-wordpress\/ -->\n<title>(Fran\u00e7ais) MORMOIRON, MONT VENTOUX ET COQUELICOTS - J.E. TURQUIN Paintings of Provence, Mont Ventoux landscapes<\/title>\n<meta name=\"robots\" content=\"index, follow, max-snippet:-1, max-image-preview:large, max-video-preview:-1\" \/>\n<link rel=\"canonical\" href=\"https:\/\/turquin.net\/en\/les-oeuvres\/mormoironmont-ventoux-et-coquelicots\/\" \/>\n<meta property=\"og:locale\" content=\"en_US\" \/>\n<meta property=\"og:type\" content=\"article\" \/>\n<meta property=\"og:title\" content=\"(Fran\u00e7ais) MORMOIRON, MONT VENTOUX ET COQUELICOTS - J.E. TURQUIN Paintings of Provence, Mont Ventoux landscapes\" \/>\n<meta property=\"og:description\" content=\"(Fran\u00e7ais) MORMOIRON MONT VENTOUX ET COQUELICOTS  Cette toile est\u00a0R\u00c9SERV\u00c9E  Petit format  Dimensions 27x22cm  Peinture acrylique sur toile tendue sur ch\u00e2ssis bois  Possibilit\u00e9 de r\u00e9glement en 2,3,4 fois sans frais\" \/>\n<meta property=\"og:url\" content=\"https:\/\/turquin.net\/en\/les-oeuvres\/mormoironmont-ventoux-et-coquelicots\/\" \/>\n<meta property=\"og:site_name\" content=\"J.E. TURQUIN Paintings of Provence, Mont Ventoux landscapes\" \/>\n<meta property=\"article:publisher\" content=\"https:\/\/www.facebook.com\/Turquin-Artiste-peintre-136079739887515\/\" \/>\n<meta property=\"article:modified_time\" content=\"2026-03-27T10:42:56+00:00\" \/>\n<meta property=\"og:image\" content=\"https:\/\/turquin.net\/wp-content\/uploads\/2026\/02\/JE-TURQUIN-3FMORMOIRONVENTOUX-et-coquelicots-scaled.jpg\" \/>\n\t<meta property=\"og:image:width\" content=\"2560\" \/>\n\t<meta property=\"og:image:height\" content=\"2133\" \/>\n\t<meta property=\"og:image:type\" content=\"image\/jpeg\" \/>\n<meta name=\"twitter:card\" content=\"summary_large_image\" \/>\n<meta name=\"twitter:label1\" content=\"Est. reading time\" \/>\n\t<meta name=\"twitter:data1\" content=\"1 minute\" \/>\n<script type=\"application\/ld+json\" class=\"yoast-schema-graph\">{\"@context\":\"https:\\\/\\\/schema.org\",\"@graph\":[{\"@type\":\"WebPage\",\"@id\":\"https:\\\/\\\/turquin.net\\\/en\\\/les-oeuvres\\\/mormoironmont-ventoux-et-coquelicots\\\/\",\"url\":\"https:\\\/\\\/turquin.net\\\/en\\\/les-oeuvres\\\/mormoironmont-ventoux-et-coquelicots\\\/\",\"name\":\"(Fran\u00e7ais) MORMOIRON, MONT VENTOUX ET COQUELICOTS - J.E. TURQUIN Paintings of Provence, Mont Ventoux landscapes\",\"isPartOf\":{\"@id\":\"https:\\\/\\\/turquin.net\\\/en\\\/#website\"},\"primaryImageOfPage\":{\"@id\":\"https:\\\/\\\/turquin.net\\\/en\\\/les-oeuvres\\\/mormoironmont-ventoux-et-coquelicots\\\/#primaryimage\"},\"image\":{\"@id\":\"https:\\\/\\\/turquin.net\\\/les-oeuvres\\\/mormoironmont-ventoux-et-coquelicots\\\/#primaryimage\"},\"thumbnailUrl\":\"https:\\\/\\\/turquin.net\\\/wp-content\\\/uploads\\\/2026\\\/02\\\/JE-TURQUIN-3FMORMOIRONVENTOUX-et-coquelicots-scaled.jpg\",\"datePublished\":\"2026-02-20T14:37:25+00:00\",\"dateModified\":\"2026-03-27T10:42:56+00:00\",\"breadcrumb\":{\"@id\":\"https:\\\/\\\/turquin.net\\\/en\\\/les-oeuvres\\\/mormoironmont-ventoux-et-coquelicots\\\/#breadcrumb\"},\"inLanguage\":\"en-US\",\"potentialAction\":[{\"@type\":\"ReadAction\",\"target\":[[\"https:\\\/\\\/turquin.net\\\/en\\\/les-oeuvres\\\/mormoironmont-ventoux-et-coquelicots\\\/\"]]}]},{\"@type\":\"ImageObject\",\"inLanguage\":\"en-US\",\"@id\":\"https:\\\/\\\/turquin.net\\\/en\\\/les-oeuvres\\\/mormoironmont-ventoux-et-coquelicots\\\/#primaryimage\",\"url\":\"https:\\\/\\\/turquin.net\\\/wp-content\\\/uploads\\\/2026\\\/02\\\/JE-TURQUIN-3FMORMOIRONVENTOUX-et-coquelicots-scaled.jpg\",\"contentUrl\":\"https:\\\/\\\/turquin.net\\\/wp-content\\\/uploads\\\/2026\\\/02\\\/JE-TURQUIN-3FMORMOIRONVENTOUX-et-coquelicots-scaled.jpg\",\"width\":2560,\"height\":2133},{\"@type\":\"BreadcrumbList\",\"@id\":\"https:\\\/\\\/turquin.net\\\/en\\\/les-oeuvres\\\/mormoironmont-ventoux-et-coquelicots\\\/#breadcrumb\",\"itemListElement\":[{\"@type\":\"ListItem\",\"position\":1,\"name\":\"Accueil\",\"item\":\"https:\\\/\\\/turquin.net\\\/en\\\/\"},{\"@type\":\"ListItem\",\"position\":2,\"name\":\"The works\",\"item\":\"https:\\\/\\\/turquin.net\\\/en\\\/les-oeuvres\\\/\"},{\"@type\":\"ListItem\",\"position\":3,\"name\":\"MORMOIRON, MONT VENTOUX ET COQUELICOTS\"}]},{\"@type\":\"WebSite\",\"@id\":\"https:\\\/\\\/turquin.net\\\/en\\\/#website\",\"url\":\"https:\\\/\\\/turquin.net\\\/en\\\/\",\"name\":\"J.E. TURQUIN Paintings of Provence, Mont Ventoux landscapes\",\"description\":\"\",\"publisher\":{\"@id\":\"https:\\\/\\\/turquin.net\\\/en\\\/#organization\"},\"potentialAction\":[{\"@type\":\"SearchAction\",\"target\":{\"@type\":\"EntryPoint\",\"urlTemplate\":\"https:\\\/\\\/turquin.net\\\/en\\\/?s={search_term_string}\"},\"query-input\":{\"@type\":\"PropertyValueSpecification\",\"valueRequired\":true,\"valueName\":\"search_term_string\"}}],\"inLanguage\":\"en-US\"},{\"@type\":\"Organization\",\"@id\":\"https:\\\/\\\/turquin.net\\\/en\\\/#organization\",\"name\":\"J.E. Turquin\",\"url\":\"https:\\\/\\\/turquin.net\\\/en\\\/\",\"logo\":{\"@type\":\"ImageObject\",\"inLanguage\":\"en-US\",\"@id\":\"https:\\\/\\\/turquin.net\\\/en\\\/#\\\/schema\\\/logo\\\/image\\\/\",\"url\":\"https:\\\/\\\/turquin.net\\\/wp-content\\\/uploads\\\/2020\\\/03\\\/icone-turquin-152px.png\",\"contentUrl\":\"https:\\\/\\\/turquin.net\\\/wp-content\\\/uploads\\\/2020\\\/03\\\/icone-turquin-152px.png\",\"width\":152,\"height\":152,\"caption\":\"J.E. Turquin\"},\"image\":{\"@id\":\"https:\\\/\\\/turquin.net\\\/en\\\/#\\\/schema\\\/logo\\\/image\\\/\"},\"sameAs\":[\"https:\\\/\\\/www.facebook.com\\\/Turquin-Artiste-peintre-136079739887515\\\/\"]}]}<\/script>\n<!-- \/ Yoast SEO plugin. -->","yoast_head_json":{"title":"(Fran\u00e7ais) MORMOIRON, MONT VENTOUX ET COQUELICOTS - J.E. TURQUIN Paintings of Provence, Mont Ventoux landscapes","robots":{"index":"index","follow":"follow","max-snippet":"max-snippet:-1","max-image-preview":"max-image-preview:large","max-video-preview":"max-video-preview:-1"},"canonical":"https:\/\/turquin.net\/en\/les-oeuvres\/mormoironmont-ventoux-et-coquelicots\/","og_locale":"en_US","og_type":"article","og_title":"(Fran\u00e7ais) MORMOIRON, MONT VENTOUX ET COQUELICOTS - J.E. TURQUIN Paintings of Provence, Mont Ventoux landscapes","og_description":"(Fran\u00e7ais) MORMOIRON MONT VENTOUX ET COQUELICOTS  Cette toile est\u00a0R\u00c9SERV\u00c9E  Petit format  Dimensions 27x22cm  Peinture acrylique sur toile tendue sur ch\u00e2ssis bois  Possibilit\u00e9 de r\u00e9glement en 2,3,4 fois sans frais","og_url":"https:\/\/turquin.net\/en\/les-oeuvres\/mormoironmont-ventoux-et-coquelicots\/","og_site_name":"J.E. TURQUIN Paintings of Provence, Mont Ventoux landscapes","article_publisher":"https:\/\/www.facebook.com\/Turquin-Artiste-peintre-136079739887515\/","article_modified_time":"2026-03-27T10:42:56+00:00","og_image":[{"width":2560,"height":2133,"url":"https:\/\/turquin.net\/wp-content\/uploads\/2026\/02\/JE-TURQUIN-3FMORMOIRONVENTOUX-et-coquelicots-scaled.jpg","type":"image\/jpeg"}],"twitter_card":"summary_large_image","twitter_misc":{"Est. reading time":"1 minute"},"schema":{"@context":"https:\/\/schema.org","@graph":[{"@type":"WebPage","@id":"https:\/\/turquin.net\/en\/les-oeuvres\/mormoironmont-ventoux-et-coquelicots\/","url":"https:\/\/turquin.net\/en\/les-oeuvres\/mormoironmont-ventoux-et-coquelicots\/","name":"(Fran\u00e7ais) MORMOIRON, MONT VENTOUX ET COQUELICOTS - J.E. TURQUIN Paintings of Provence, Mont Ventoux landscapes","isPartOf":{"@id":"https:\/\/turquin.net\/en\/#website"},"primaryImageOfPage":{"@id":"https:\/\/turquin.net\/en\/les-oeuvres\/mormoironmont-ventoux-et-coquelicots\/#primaryimage"},"image":{"@id":"https:\/\/turquin.net\/les-oeuvres\/mormoironmont-ventoux-et-coquelicots\/#primaryimage"},"thumbnailUrl":"https:\/\/turquin.net\/wp-content\/uploads\/2026\/02\/JE-TURQUIN-3FMORMOIRONVENTOUX-et-coquelicots-scaled.jpg","datePublished":"2026-02-20T14:37:25+00:00","dateModified":"2026-03-27T10:42:56+00:00","breadcrumb":{"@id":"https:\/\/turquin.net\/en\/les-oeuvres\/mormoironmont-ventoux-et-coquelicots\/#breadcrumb"},"inLanguage":"en-US","potentialAction":[{"@type":"ReadAction","target":[["https:\/\/turquin.net\/en\/les-oeuvres\/mormoironmont-ventoux-et-coquelicots\/"]]}]},{"@type":"ImageObject","inLanguage":"en-US","@id":"https:\/\/turquin.net\/en\/les-oeuvres\/mormoironmont-ventoux-et-coquelicots\/#primaryimage","url":"https:\/\/turquin.net\/wp-content\/uploads\/2026\/02\/JE-TURQUIN-3FMORMOIRONVENTOUX-et-coquelicots-scaled.jpg","contentUrl":"https:\/\/turquin.net\/wp-content\/uploads\/2026\/02\/JE-TURQUIN-3FMORMOIRONVENTOUX-et-coquelicots-scaled.jpg","width":2560,"height":2133},{"@type":"BreadcrumbList","@id":"https:\/\/turquin.net\/en\/les-oeuvres\/mormoironmont-ventoux-et-coquelicots\/#breadcrumb","itemListElement":[{"@type":"ListItem","position":1,"name":"Accueil","item":"https:\/\/turquin.net\/en\/"},{"@type":"ListItem","position":2,"name":"The works","item":"https:\/\/turquin.net\/en\/les-oeuvres\/"},{"@type":"ListItem","position":3,"name":"MORMOIRON, MONT VENTOUX ET COQUELICOTS"}]},{"@type":"WebSite","@id":"https:\/\/turquin.net\/en\/#website","url":"https:\/\/turquin.net\/en\/","name":"J.E. TURQUIN Paintings of Provence, Mont Ventoux landscapes","description":"","publisher":{"@id":"https:\/\/turquin.net\/en\/#organization"},"potentialAction":[{"@type":"SearchAction","target":{"@type":"EntryPoint","urlTemplate":"https:\/\/turquin.net\/en\/?s={search_term_string}"},"query-input":{"@type":"PropertyValueSpecification","valueRequired":true,"valueName":"search_term_string"}}],"inLanguage":"en-US"},{"@type":"Organization","@id":"https:\/\/turquin.net\/en\/#organization","name":"J.E. Turquin","url":"https:\/\/turquin.net\/en\/","logo":{"@type":"ImageObject","inLanguage":"en-US","@id":"https:\/\/turquin.net\/en\/#\/schema\/logo\/image\/","url":"https:\/\/turquin.net\/wp-content\/uploads\/2020\/03\/icone-turquin-152px.png","contentUrl":"https:\/\/turquin.net\/wp-content\/uploads\/2020\/03\/icone-turquin-152px.png","width":152,"height":152,"caption":"J.E. Turquin"},"image":{"@id":"https:\/\/turquin.net\/en\/#\/schema\/logo\/image\/"},"sameAs":["https:\/\/www.facebook.com\/Turquin-Artiste-peintre-136079739887515\/"]}]}},"_links":{"self":[{"href":"https:\/\/turquin.net\/en\/wp-json\/wp\/v2\/product\/1766","targetHints":{"allow":["GET"]}}],"collection":[{"href":"https:\/\/turquin.net\/en\/wp-json\/wp\/v2\/product"}],"about":[{"href":"https:\/\/turquin.net\/en\/wp-json\/wp\/v2\/types\/product"}],"wp:featuredmedia":[{"embeddable":true,"href":"https:\/\/turquin.net\/en\/wp-json\/wp\/v2\/media\/1767"}],"wp:attachment":[{"href":"https:\/\/turquin.net\/en\/wp-json\/wp\/v2\/media?parent=1766"}],"wp:term":[{"taxonomy":"product_brand","embeddable":true,"href":"https:\/\/turquin.net\/en\/wp-json\/wp\/v2\/product_brand?post=1766"},{"taxonomy":"product_cat","embeddable":true,"href":"https:\/\/turquin.net\/en\/wp-json\/wp\/v2\/product_cat?post=1766"},{"taxonomy":"product_tag","embeddable":true,"href":"https:\/\/turquin.net\/en\/wp-json\/wp\/v2\/product_tag?post=1766"}],"curies":[{"name":"wp","href":"https:\/\/api.w.org\/{rel}","templated":true}]}}